{"id":10742,"date":"2025-04-17T16:40:59","date_gmt":"2025-04-17T14:40:59","guid":{"rendered":"https:\/\/shop.holz-wallner.at\/inhalte\/?page_id=10742"},"modified":"2025-04-17T16:40:58","modified_gmt":"2025-04-17T14:40:58","slug":"valchromat","status":"publish","type":"page","link":"https:\/\/www.holz-wallner.at\/inhalte\/valchromat\/","title":{"rendered":"Valchromat\u00ae"},"content":{"rendered":"<div class=\"wpb-content-wrapper\"><p>[vc_row][vc_column][vc_column_text]<\/p>\n<h1><strong>Valchromat<sup>\u00ae<\/sup> Engineered Coloured Wood<\/strong><\/h1>\n<p>[\/vc_column_text][vc_column_text css=&#8220;&#8220;]Valchromat ist eine mit organischen Farbstoffen durchgef\u00e4rbte Holzfaserplatte.<!--more-->[\/vc_column_text][\/vc_column][\/vc_row][vc_row][vc_column width=&#8220;1\/2&#8243;][vc_column_text css=&#8220;&#8220;]Valchromat stellt eine bemerkenswerte Innovation in der Welt der Holzfaserplatten dar, die sich durch ihre \u00fcberlegenen Eigenschaften von herk\u00f6mmlichen MDF-Platten abhebt, insbesondere als MDF.HLS (Medium Density Fiberboard \u2013 Hydrophobic). Diese durchgef\u00e4rbte Holzfaserplatte ist nicht nur optisch ansprechend, sondern bietet dank eines einzigartigen Herstellungsverfahrens auch au\u00dfergew\u00f6hnliche physikalische und mechanische Eigenschaften.<\/p>\n<p>Im Gegensatz zu herk\u00f6mmlichen MDF-Platten werden bei Valchromat die Fasern einzeln mit organischen Farbstoffen impr\u00e4gniert und mit einem speziellen Harz verklebt. Dieser einzigartige Ansatz verleiht Valchromat eine unverwechselbare Zusammensetzung, die zu einzigartigen physikalischen und mechanischen Eigenschaften f\u00fchrt. Diese exklusive Formel bietet nicht nur eine reiche Farbpalette, sondern erm\u00f6glicht auch die einfache Ausf\u00fchrung dreidimensionaler Arbeiten.<\/p>\n<p>Valchromat ist, wie MDF.HLS, nicht nur feuchtigkeitsbest\u00e4ndig, sondern zeichnet sich auch durch seine Vielseitigkeit in einer Vielzahl von Anwendungen aus. Im Vergleich zu anderen MDF-Typen ist es aufgrund seiner \u00fcberlegenen Eigenschaften ideal f\u00fcr Innenarchitektur, M\u00f6bel und Bauprojekte, die eine au\u00dfergew\u00f6hnliche Haltbarkeit und Leistung erfordern.[\/vc_column_text][\/vc_column][vc_column width=&#8220;1\/2&#8243;][vc_column_text css=&#8220;&#8220;]Der Mehrwert von Valchromat liegt nicht nur in seiner leuchtenden Farbe, sondern auch in seiner besonderen Zusammensetzung und seiner F\u00e4higkeit, die Herausforderungen zu meistern, denen andere \u00e4hnliche Materialien gegen\u00fcberstehen. Ob in Umgebungen, die Feuchtigkeit ausgesetzt sind, oder bei Kreationen, die einen kreativen, dreidimensionalen Ansatz erfordern, Valchromat ist eine un\u00fcbertroffene Wahl, die nicht nur \u00e4sthetisch, sondern auch leistungsf\u00e4higer ist als viele MDF-Anwendungen.<\/p>\n<p>Durch die Verwendung organischer Farbstoffe, in Verbindung mit den nat\u00fcrlichen Schwankungen der Farbe des Holzes, weisen Valchromat Platten Farbunterschiede auf. Diese Varianz kann auf der gleichen Seite, zwischen den Seiten der gleichen Platte, sowie zwischen unterschiedlichen Produktionschargen oder Dicken vorkommen.[\/vc_column_text][\/vc_column][\/vc_row][vc_row][vc_column][vc_separator color=&#8220;custom&#8220; style=&#8220;dotted&#8220; accent_color=&#8220;#33cb98&#8243;][vc_column_text css=&#8220;&#8220;]<strong>Valchromat ist eine Weiterentwicklung der MDF-Platte <\/strong><strong>Hauptmerkmale<\/strong>[\/vc_column_text][\/vc_column][\/vc_row][vc_row][vc_column width=&#8220;1\/3&#8243;][vc_column_text css=&#8220;&#8220;]<\/p>\n<ul>\n<li>Feuchtigkeitsabweisend<\/li>\n<li>H\u00f6here Dichte<\/li>\n<\/ul>\n<p>[\/vc_column_text][\/vc_column][vc_column width=&#8220;1\/3&#8243;][vc_column_text css=&#8220;&#8220;]<\/p>\n<ul>\n<li>H\u00f6here mechanische Festigkeit<\/li>\n<li>Leicht zu bearbeiten\/fr\u00e4sen<\/li>\n<\/ul>\n<p>[\/vc_column_text][\/vc_column][vc_column width=&#8220;1\/3&#8243;][vc_column_text css=&#8220;&#8220;]<\/p>\n<ul>\n<li class=\"elementor-heading-title elementor-size-default\">Geringerer Werkzeugabrieb<\/li>\n<li class=\"elementor-heading-title elementor-size-default\">Weniger Ausbr\u00f6ckelung<\/li>\n<\/ul>\n<p>[\/vc_column_text][\/vc_column][\/vc_row][vc_row][vc_column][vc_video link=&#8220;https:\/\/www.youtube.com\/watch?v=CJIrAMzEB0Q&#8220; css=&#8220;&#8220;][vc_separator color=&#8220;custom&#8220; style=&#8220;dotted&#8220; accent_color=&#8220;#33cb98&#8243;][\/vc_column][\/vc_row][vc_row][vc_column][vc_column_text]<\/p>\n<h3>Farb\u00fcbersicht<\/h3>\n<p>[\/vc_column_text][vc_single_image image=&#8220;13490&#8243; img_size=&#8220;750&#215;750&#8243; onclick=&#8220;link_image&#8220; css=&#8220;&#8220;][vc_column_text]Weiterf\u00fchrende Informationen auf <a href=\"http:\/\/www.valchromat.pt\/de\" target=\"_blank\" rel=\"noopener noreferrer\"><strong>www.valchromat.pt\/de<\/strong><\/a>[\/vc_column_text][vc_separator color=&#8220;custom&#8220; style=&#8220;dotted&#8220; accent_color=&#8220;#33cb98&#8243;][\/vc_column][\/vc_row][vc_row][vc_column width=&#8220;2\/3&#8243;][vc_column_text css=&#8220;&#8220;]<a href=\"https:\/\/www.holz-wallner.at\/inhalte\/valchromat-white-pearl\/\"><span style=\"color: #33cb98;\"><strong>White Pearl by Valchromat<\/strong><\/span><\/a><\/p>\n<p>Die neue Farbe, die das Innen- und Produktdesign revolutioniert<\/p>\n<p>Architekten und Innenarchitekten sind st\u00e4ndig auf der Suche nach innovativen Materialien, die \u00c4sthetik, Funktionalit\u00e4t und Haltbarkeit in Einklang bringen. Mit der Einf\u00fchrung von White Pearl bietet Valchromat eine revolution\u00e4re L\u00f6sung, die die Art und Weise, wie wir Wei\u00df in der Innenarchitektur und im Produktdesign sehen und verwenden, ver\u00e4ndern wird.[\/vc_column_text][\/vc_column][vc_column width=&#8220;1\/3&#8243;][vc_single_image image=&#8220;13436&#8243; onclick=&#8220;custom_link&#8220; css=&#8220;&#8220; link=&#8220;https:\/\/www.holz-wallner.at\/inhalte\/valchromat-white-pearl\/&#8220;][vc_column_text css=&#8220;&#8220;]Hier erfahren Sie mehr zu White Pearl by Valchromat:<\/p>\n<p><a href=\"https:\/\/www.holz-wallner.at\/inhalte\/valchromat-white-pearl\/\">White Pearl by Valchromat \u2013 Wallner<\/a>[\/vc_column_text][\/vc_column][\/vc_row][vc_row][vc_column][vc_separator color=&#8220;custom&#8220; style=&#8220;dotted&#8220; accent_color=&#8220;#33cb98&#8243;][vc_column_text css=&#8220;&#8220;]Erfahren Sie mehr \u00fcber White Pearl by Valchromat:<\/p>\n<p><a href=\"https:\/\/www.holz-wallner.at\/inhalte\/valchromat-white-pearl\/\">White Pearl by Valchromat \u2013 Wallner<\/a><\/p>\n<p>Erfahren Sie auch mehr \u00fcber Viroc, einem weiteren Produkt von Investwood:<\/p>\n<p><a href=\"https:\/\/www.holz-wallner.at\/inhalte\/viroc\/\">Viroc\u00ae \u2013 Wallner<\/a><\/p>\n<p>Hier finden Sie unser Sortiment an Valchromat im Shop:<\/p>\n<p><a href=\"https:\/\/www.holz-wallner.at\/de\/platte-dekorativ\/holzfaser-und-mdf-dekorativ\/?FACETTEN=&amp;SUCHE_MARKE=Valchromat&amp;_sp_orderby=relevanz&amp;_sp_anzeigezeilen=24\">Shop Valchromat &#8211; Wallner<\/a>[\/vc_column_text][vc_separator color=&#8220;custom&#8220; style=&#8220;dotted&#8220; accent_color=&#8220;#33cb98&#8243;][vc_column_text css=&#8220;&#8220;]Copyright by Investwood SA:<\/p>\n<p><a href=\"https:\/\/www.investwood.pt\/de\/valchromat\/\" target=\"_blank\" rel=\"noopener\">Valchromat &#8211; Investwood<\/a>[\/vc_column_text][\/vc_column][\/vc_row]<\/p>\n<\/div>","protected":false},"excerpt":{"rendered":"<p>[vc_row][vc_column][vc_column_text] Valchromat\u00ae Engineered Coloured Wood [\/vc_column_text][vc_column_text css=&#8220;&#8220;]Valchromat ist eine mit organischen Farbstoffen durchgef\u00e4rbte Holzfaserplatte.<\/p>\n","protected":false},"author":1,"featured_media":10748,"parent":0,"menu_order":0,"comment_status":"closed","ping_status":"closed","template":"","meta":[],"categories":[9],"tags":[],"acf":[],"_links":{"self":[{"href":"https:\/\/www.holz-wallner.at\/inhalte\/wp-json\/wp\/v2\/pages\/10742"}],"collection":[{"href":"https:\/\/www.holz-wallner.at\/inhalte\/wp-json\/wp\/v2\/pages"}],"about":[{"href":"https:\/\/www.holz-wallner.at\/inhalte\/wp-json\/wp\/v2\/types\/page"}],"author":[{"embeddable":true,"href":"https:\/\/www.holz-wallner.at\/inhalte\/wp-json\/wp\/v2\/users\/1"}],"replies":[{"embeddable":true,"href":"https:\/\/www.holz-wallner.at\/inhalte\/wp-json\/wp\/v2\/comments?post=10742"}],"version-history":[{"count":46,"href":"https:\/\/www.holz-wallner.at\/inhalte\/wp-json\/wp\/v2\/pages\/10742\/revisions"}],"predecessor-version":[{"id":13503,"href":"https:\/\/www.holz-wallner.at\/inhalte\/wp-json\/wp\/v2\/pages\/10742\/revisions\/13503"}],"wp:featuredmedia":[{"embeddable":true,"href":"https:\/\/www.holz-wallner.at\/inhalte\/wp-json\/wp\/v2\/media\/10748"}],"wp:attachment":[{"href":"https:\/\/www.holz-wallner.at\/inhalte\/wp-json\/wp\/v2\/media?parent=10742"}],"wp:term":[{"taxonomy":"category","embeddable":true,"href":"https:\/\/www.holz-wallner.at\/inhalte\/wp-json\/wp\/v2\/categories?post=10742"},{"taxonomy":"post_tag","embeddable":true,"href":"https:\/\/www.holz-wallner.at\/inhalte\/wp-json\/wp\/v2\/tags?post=10742"}],"curies":[{"name":"wp","href":"https:\/\/api.w.org\/{rel}","templated":true}]}}