{"id":10776,"date":"2020-06-02T13:30:08","date_gmt":"2020-06-02T11:30:08","guid":{"rendered":"https:\/\/shop.holz-wallner.at\/inhalte\/?page_id=10776"},"modified":"2020-06-04T12:22:43","modified_gmt":"2020-06-04T10:22:43","slug":"viroc","status":"publish","type":"page","link":"https:\/\/www.holz-wallner.at\/inhalte\/viroc\/","title":{"rendered":"Viroc\u00ae"},"content":{"rendered":"<div class=\"wpb-content-wrapper\"><p>[vc_row][vc_column][vc_column_text]<\/p>\n<h1>Viroc\u00ae zementgebundene Spanplatte<\/h1>\n<p>[\/vc_column_text][\/vc_column][\/vc_row][vc_row][vc_column width=&#8220;1\/2&#8243;][vc_column_text]Viroc ist ein Verbundwerkstoff, der aus einer komprimierten Mischung<!--more--> von 2\/3 Zement und 1\/3 Kiefernholz besteht.<\/p>\n<p>Es kombiniert die Flexibilit\u00e4t und Haltbarkeit von Holz mit der St\u00e4rke von Zement.<\/p>\n<p>Anwendung im Au\u00dfen- (Fassaden) und Innenbereich (M\u00f6bel, Trennw\u00e4nde, Fu\u00dfb\u00f6den, etc.).<\/p>\n<p><strong>Eigenschaften:<\/strong><\/p>\n<ul>\n<li>Gewicht: 1350 kg\/m\u00b3<\/li>\n<li>B-s2 Brandhemmend<\/li>\n<li>schallhemmend (je nach St\u00e4rke zw. 31 &#8211; 38 db)<\/li>\n<\/ul>\n<p>[\/vc_column_text][\/vc_column][vc_column width=&#8220;1\/2&#8243;][vc_single_image image=&#8220;10778&#8243; img_size=&#8220;large&#8220; alignment=&#8220;center&#8220; onclick=&#8220;link_image&#8220;][\/vc_column][\/vc_row][vc_row][vc_column][vc_separator style=&#8220;dotted&#8220;][\/vc_column][\/vc_row][vc_row][vc_column width=&#8220;1\/2&#8243;][vc_gallery interval=&#8220;5&#8243; images=&#8220;10780,10779,10783,10782,10781&#8243; img_size=&#8220;full&#8220;][\/vc_column][vc_column width=&#8220;1\/2&#8243;][vc_column_text]<strong>Viroc wird mit rauher Oberfl\u00e4che geliefert.<\/strong><\/p>\n<p><strong>Zusatzarbeiten:<\/strong><\/p>\n<ul>\n<li>Gl\u00e4tten der Oberfl\u00e4che<\/li>\n<li>Schleifen (hier werden die Holzfasern sichtbar)<\/li>\n<li>Fasen<\/li>\n<li>Nut und Feder<\/li>\n<li>Primer aufbringen<\/li>\n<\/ul>\n<p>Lieferung palettenweise \/ Kleinmengen auf Anfrage<\/p>\n<p>&nbsp;<\/p>\n<p><strong>Farben:<\/strong> grau \/ schwarz \/ ocker \/ rot \/ wei\u00df \/ gelb<br \/>\n<strong>Gr\u00f6\u00dfen:<\/strong> 2600 x 1250 mm | schwarz \/ grau \/ wei\u00df<br \/>\n<strong>St\u00e4rken:<\/strong> gau \/ schwarz, 8 &#8211; 32 mm | restliche Farben, 12 &amp; 16 mm<\/p>\n<p>(Wei\u00df auch in 3000 x 1250 mm)[\/vc_column_text][\/vc_column][\/vc_row][vc_row][vc_column][vc_separator style=&#8220;dotted&#8220;][\/vc_column][\/vc_row][vc_row][vc_column][vc_column_text]Weiterf\u00fchrende Informationen auf <strong><a href=\"http:\/\/www.viroc.pt\/\" target=\"_blank\" rel=\"noopener noreferrer\" data-cke-saved-href=\"http:\/\/www.viroc.pt\/\">www.viroc.pt<\/a><\/strong>[\/vc_column_text][\/vc_column][\/vc_row]<\/p>\n<\/div>","protected":false},"excerpt":{"rendered":"<p>[vc_row][vc_column][vc_column_text] Viroc\u00ae zementgebundene Spanplatte [\/vc_column_text][\/vc_column][\/vc_row][vc_row][vc_column width=&#8220;1\/2&#8243;][vc_column_text]Viroc ist ein Verbundwerkstoff, der aus einer komprimierten Mischung<\/p>\n","protected":false},"author":1,"featured_media":10777,"parent":0,"menu_order":0,"comment_status":"closed","ping_status":"closed","template":"","meta":[],"categories":[9],"tags":[],"acf":[],"_links":{"self":[{"href":"https:\/\/www.holz-wallner.at\/inhalte\/wp-json\/wp\/v2\/pages\/10776"}],"collection":[{"href":"https:\/\/www.holz-wallner.at\/inhalte\/wp-json\/wp\/v2\/pages"}],"about":[{"href":"https:\/\/www.holz-wallner.at\/inhalte\/wp-json\/wp\/v2\/types\/page"}],"author":[{"embeddable":true,"href":"https:\/\/www.holz-wallner.at\/inhalte\/wp-json\/wp\/v2\/users\/1"}],"replies":[{"embeddable":true,"href":"https:\/\/www.holz-wallner.at\/inhalte\/wp-json\/wp\/v2\/comments?post=10776"}],"version-history":[{"count":22,"href":"https:\/\/www.holz-wallner.at\/inhalte\/wp-json\/wp\/v2\/pages\/10776\/revisions"}],"predecessor-version":[{"id":10885,"href":"https:\/\/www.holz-wallner.at\/inhalte\/wp-json\/wp\/v2\/pages\/10776\/revisions\/10885"}],"wp:featuredmedia":[{"embeddable":true,"href":"https:\/\/www.holz-wallner.at\/inhalte\/wp-json\/wp\/v2\/media\/10777"}],"wp:attachment":[{"href":"https:\/\/www.holz-wallner.at\/inhalte\/wp-json\/wp\/v2\/media?parent=10776"}],"wp:term":[{"taxonomy":"category","embeddable":true,"href":"https:\/\/www.holz-wallner.at\/inhalte\/wp-json\/wp\/v2\/categories?post=10776"},{"taxonomy":"post_tag","embeddable":true,"href":"https:\/\/www.holz-wallner.at\/inhalte\/wp-json\/wp\/v2\/tags?post=10776"}],"curies":[{"name":"wp","href":"https:\/\/api.w.org\/{rel}","templated":true}]}}