{"id":11072,"date":"2020-06-02T10:30:42","date_gmt":"2020-06-02T08:30:42","guid":{"rendered":"https:\/\/shop.holz-wallner.at\/inhalte\/?page_id=11072"},"modified":"2020-06-02T14:05:07","modified_gmt":"2020-06-02T12:05:07","slug":"best-wood-schneider","status":"publish","type":"page","link":"https:\/\/www.holz-wallner.at\/inhalte\/best-wood-schneider\/","title":{"rendered":"best wood Schneider"},"content":{"rendered":"<div class=\"wpb-content-wrapper\"><p>[vc_row][vc_column][vc_column_text]<\/p>\n<h1>best wood Schneider<\/h1>\n<p>[\/vc_column_text][\/vc_column][\/vc_row][vc_row][vc_column][vc_column_text]W\u00e4rme-D\u00e4mmplatten von bestwood Schneider im Wallner Lagerprogramm.<!--more-->[\/vc_column_text][\/vc_column][\/vc_row][vc_row][vc_column width=&#8220;2\/3&#8243;][vc_column_text]<strong><span style=\"color: #33cb98;\">MULTITHERM 140 Holzfaserd\u00e4mmplatte<\/span><\/strong><\/p>\n<p style=\"text-align: left;\">Universelle Holzfaserd\u00e4mmplatte f\u00fcr die D\u00e4mmung von Dach und Wand.<\/p>\n<p style=\"text-align: left;\">Die Holzfaserd\u00e4mmung MULTITHERM 140 ist eine druckfeste D\u00e4mmplatte mit geringem Gewicht und einem hervorragenden Wert f\u00fcr die W\u00e4rmeleitf\u00e4higkeit. Die Holzfaserplatte MULTITHERM 140 kann universell f\u00fcr Dach und Wand verwendet werden. Kombiniert mit MULTITHERM 110 ist sie eine preiswerte L\u00f6sung bei sehr hohen D\u00e4mmdicken.<\/p>\n<p>&nbsp;<\/p>\n<p>Putztr\u00e4gerplatte f\u00fcr den Innenbereich. F\u00fcr die weitere Bearbeitung mit BiosLehm (Lehmputz) geeignet.<\/p>\n<p>N\u00e4here Infos zu BiosLehm Produkten erhalten Sie unter <a href=\"http:\/\/www.bioslehm.com\" data-cke-saved-href=\"http:\/\/www.bioslehm.com\">www.bioslehm.com<\/a>.[\/vc_column_text][\/vc_column][vc_column width=&#8220;1\/3&#8243;][vc_single_image image=&#8220;11077&#8243; img_size=&#8220;medium&#8220; add_caption=&#8220;yes&#8220; alignment=&#8220;right&#8220; onclick=&#8220;link_image&#8220;][vc_single_image image=&#8220;11088&#8243; img_size=&#8220;medium&#8220; alignment=&#8220;right&#8220; onclick=&#8220;link_image&#8220;][\/vc_column][\/vc_row][vc_row][vc_column][vc_single_image image=&#8220;11102&#8243; img_size=&#8220;large&#8220; alignment=&#8220;center&#8220; onclick=&#8220;link_image&#8220;][\/vc_column][\/vc_row][vc_row][vc_column][vc_separator color=&#8220;custom&#8220; accent_color=&#8220;#33cb98&#8243;][\/vc_column][\/vc_row][vc_row][vc_column width=&#8220;2\/3&#8243;][vc_column_text]<strong><span style=\"color: #33cb98;\">WALL 180 Putztr\u00e4gerplatte<br \/>\n<\/span><\/strong><span style=\"color: #33cb98;\">direkt verputzbar f\u00fcr den Au\u00dfenbereich<\/span><\/p>\n<p>Putztr\u00e4gerplatte f\u00fcr den Holzrahmenbau im Au\u00dfenbereich. Die Putztr\u00e4gerplatte WALL 180 ist eine hochdruckfeste, verputzbare Holzfaserd\u00e4mmplatte f\u00fcr die Verlegung auf Holzst\u00e4nderkonstruktionen im Au\u00dfenwandbereich.<\/p>\n<p><span style=\"color: #33cb98;\">Vorteile der Putztr\u00e4gerplatte WALL<\/span><\/p>\n<ul>\n<li>Hervorragender Wert der W\u00e4rmeleitf\u00e4higkeit<\/li>\n<li>Guter sommerlicher Hitzeschutz und optimale W\u00e4rmed\u00e4mmung im Winter<\/li>\n<li>Verbessert den Schallschutz: Holzfaser-D\u00e4mmplatten sind eine sehr gute Schalld\u00e4mmung, je h\u00f6her die Rohdichte desto besser die schalld\u00e4mmende Wirkung<\/li>\n<li>Durchgegend hydrophobiert<\/li>\n<li>Diffusionsoffen und somit feuchtigkeitsregulierend<\/li>\n<li>Einfache Montage &#8211; abgesichert durch unsere Verarbeitungsrichtlinen WDVS<\/li>\n<li>Kaum Verschnitt durch beidseitige Verwendbarkeit der Holzfaser-D\u00e4mmplatten<\/li>\n<li>Komplett recycelf\u00e4hig<\/li>\n<\/ul>\n<p>[\/vc_column_text][vc_column_text]<span style=\"color: #33cb98;\"><strong>Schneider WALL 180 vorverputzt<\/strong><\/span><\/p>\n<p>Mit Klebe- und Armierungsm\u00f6rtel (UP) vorverputzte Holzfaser-D\u00e4mmplatte. Die erste Armierungsschicht von 3-4 mm ist bereits werkseitig aufgebracht.<\/p>\n<p><span style=\"color: #33cb98;\">Zeitersparnis<\/span><\/p>\n<ul>\n<li>Erspart die Zahnspachtelung auf der Baustelle (= 1 Arbeitstag weniger)<\/li>\n<li>Keine Trockungszeit, da Grundspachtelung werkseitig aufgebracht<\/li>\n<li>Spart R\u00fcst- und Arbeitszeit auf der Baustelle<\/li>\n<li>Bis zu 5 Monate frei bewitterbar<\/li>\n<\/ul>\n<p>[\/vc_column_text][\/vc_column][vc_column width=&#8220;1\/3&#8243;][vc_single_image image=&#8220;11078&#8243; img_size=&#8220;medium&#8220; add_caption=&#8220;yes&#8220; alignment=&#8220;right&#8220; onclick=&#8220;link_image&#8220;][vc_single_image image=&#8220;11087&#8243; img_size=&#8220;medium&#8220; alignment=&#8220;right&#8220; onclick=&#8220;link_image&#8220;][vc_empty_space height=&#8220;50px&#8220;][vc_single_image image=&#8220;11079&#8243; img_size=&#8220;medium&#8220; add_caption=&#8220;yes&#8220; alignment=&#8220;right&#8220; onclick=&#8220;link_image&#8220;][vc_single_image image=&#8220;11089&#8243; img_size=&#8220;medium&#8220; alignment=&#8220;right&#8220; onclick=&#8220;link_image&#8220;][\/vc_column][\/vc_row][vc_row][vc_column][vc_single_image image=&#8220;11101&#8243; img_size=&#8220;large&#8220; alignment=&#8220;center&#8220; onclick=&#8220;link_image&#8220;][\/vc_column][\/vc_row][vc_row][vc_column][vc_separator color=&#8220;custom&#8220; accent_color=&#8220;#33cb98&#8243;][\/vc_column][\/vc_row]<\/p>\n<\/div>","protected":false},"excerpt":{"rendered":"<p>[vc_row][vc_column][vc_column_text] best wood Schneider [\/vc_column_text][\/vc_column][\/vc_row][vc_row][vc_column][vc_column_text]W\u00e4rme-D\u00e4mmplatten von bestwood Schneider im Wallner Lagerprogramm.<\/p>\n","protected":false},"author":1,"featured_media":11077,"parent":0,"menu_order":0,"comment_status":"closed","ping_status":"closed","template":"","meta":[],"categories":[9],"tags":[],"acf":[],"_links":{"self":[{"href":"https:\/\/www.holz-wallner.at\/inhalte\/wp-json\/wp\/v2\/pages\/11072"}],"collection":[{"href":"https:\/\/www.holz-wallner.at\/inhalte\/wp-json\/wp\/v2\/pages"}],"about":[{"href":"https:\/\/www.holz-wallner.at\/inhalte\/wp-json\/wp\/v2\/types\/page"}],"author":[{"embeddable":true,"href":"https:\/\/www.holz-wallner.at\/inhalte\/wp-json\/wp\/v2\/users\/1"}],"replies":[{"embeddable":true,"href":"https:\/\/www.holz-wallner.at\/inhalte\/wp-json\/wp\/v2\/comments?post=11072"}],"version-history":[{"count":17,"href":"https:\/\/www.holz-wallner.at\/inhalte\/wp-json\/wp\/v2\/pages\/11072\/revisions"}],"predecessor-version":[{"id":11105,"href":"https:\/\/www.holz-wallner.at\/inhalte\/wp-json\/wp\/v2\/pages\/11072\/revisions\/11105"}],"wp:featuredmedia":[{"embeddable":true,"href":"https:\/\/www.holz-wallner.at\/inhalte\/wp-json\/wp\/v2\/media\/11077"}],"wp:attachment":[{"href":"https:\/\/www.holz-wallner.at\/inhalte\/wp-json\/wp\/v2\/media?parent=11072"}],"wp:term":[{"taxonomy":"category","embeddable":true,"href":"https:\/\/www.holz-wallner.at\/inhalte\/wp-json\/wp\/v2\/categories?post=11072"},{"taxonomy":"post_tag","embeddable":true,"href":"https:\/\/www.holz-wallner.at\/inhalte\/wp-json\/wp\/v2\/tags?post=11072"}],"curies":[{"name":"wp","href":"https:\/\/api.w.org\/{rel}","templated":true}]}}