{"id":11774,"date":"2021-05-26T09:00:41","date_gmt":"2021-05-26T07:00:41","guid":{"rendered":"https:\/\/www.holz-wallner.at\/inhalte\/?page_id=11774"},"modified":"2021-06-02T09:17:25","modified_gmt":"2021-06-02T07:17:25","slug":"fundermax-arbeitsplatte","status":"publish","type":"page","link":"https:\/\/www.holz-wallner.at\/inhalte\/fundermax-arbeitsplatte\/","title":{"rendered":"FunderMax Arbeitsplatte"},"content":{"rendered":"<div class=\"wpb-content-wrapper\"><p>[vc_row][vc_column][vc_column_text]<\/p>\n<h1>FunderMax Arbeitsplatte<\/h1>\n<p>[\/vc_column_text][\/vc_column][\/vc_row][vc_row][vc_column][vc_column_text]Die perfekte Verbindung aus Design und Funktionalit\u00e4t in der K\u00fcche. <!--more--><\/p>\n<p>Als zentrales Element jeder K\u00fcche pr\u00e4gt die Arbeitsplatte den Charakter des gesamten Raumes \u2013 und muss dabei mehr als nur optisch \u00fcberzeugen. Arbeitsplatten von FunderMax zeichnen sich durch h\u00f6chste Belastbarkeit,\u00a0einfache Reinigung und extreme Langlebigkeit aus.<\/p>\n<p>Dank ihrer Oberfl\u00e4chenqualit\u00e4t wirken sie einer Vermehrung von Bakterien entgegen.\u00a0Die High Pressure Laminates (HPL) lassen sich millimetergenau verarbeiten, sodass Sie bei der K\u00fcchenplanung keine Kompromisse machen m\u00fcssen.[\/vc_column_text][\/vc_column][\/vc_row][vc_row][vc_column][vc_separator color=&#8220;custom&#8220; accent_color=&#8220;#33cb98&#8243;][\/vc_column][\/vc_row][vc_row][vc_column][vc_column_text]<\/p>\n<h4><span style=\"color: #33cb98;\"><strong>Oberfl\u00e4chen<\/strong><\/span><\/h4>\n<p>[\/vc_column_text][\/vc_column][\/vc_row][vc_row][vc_column width=&#8220;1\/2&#8243;][vc_column_text]<span style=\"color: #33cb98;\"><strong>APTICO (AP)<\/strong><\/span><br \/>\nmit Schutzfolie, Kern Tiefschwarz<\/p>\n<p><span dir=\"ltr\">Aptico beeindruckt durch ihre warme Ausstrahlung und die feine Struktur. <\/span><span dir=\"ltr\">Dank dem matten Finish wird das jeweilige Dekor auf besonders ansprechende <\/span><span dir=\"ltr\">Weise inszeniert. Der Anti-Fingerprint-Effekt sorgt f\u00fcr ein dauerhaft makelloses <\/span><span dir=\"ltr\">Erscheinungsbild. <\/span>[\/vc_column_text][vc_single_image image=&#8220;11791&#8243; alignment=&#8220;center&#8220; onclick=&#8220;link_image&#8220;][vc_separator color=&#8220;custom&#8220; accent_color=&#8220;#33cb98&#8243;][vc_column_text]<span style=\"color: #33cb98;\"><strong>ENDURO (NN)<\/strong><\/span><\/p>\n<p>mit Schutzfolie (Max Compact Exterior Platte; auch f\u00fcr Outdoor verwendbar), Kern Tiefschwarz<\/p>\n<p>Die stark strukturierte Oberfl\u00e4che zitiert die visuelle Erscheinung von Naturstein. In Verbindung mit lebensnahen Dekoren vermittelt Enduro die dynamische Stabilit\u00e4t, die eine Arbeitsplatte zum Mittelpunkt einer jeden K\u00fcche macht. Das matte Finish mit Anti-Fingerprint-Effekt sorgt jederzeit f\u00fcr einen makellosen Look.[\/vc_column_text][vc_single_image image=&#8220;11792&#8243; alignment=&#8220;center&#8220; onclick=&#8220;link_image&#8220;][\/vc_column][vc_column width=&#8220;1\/2&#8243;][vc_column_text]<span style=\"color: #33cb98;\"><strong>SAXUM (SX)<br \/>\n<\/strong><span style=\"color: #000000;\">mit Schutzfolie, Kern Tiefschwarz<br \/>\n<\/span><\/span><\/p>\n<p>Die tief strukturierte Oberfl\u00e4che macht elegante Steinformationen erlebbar. F\u00fcr den Einsatz im K\u00fcchenbereich optimiert, \u00fcberzeugt sie Tag f\u00fcr Tag durch ihre Pflegeleichtigkeit. Das matte Finish verf\u00fcgt \u00fcber einen Anti-Fingerprint-Effekt.[\/vc_column_text][vc_single_image image=&#8220;11790&#8243; alignment=&#8220;center&#8220; onclick=&#8220;link_image&#8220;][vc_separator color=&#8220;custom&#8220; accent_color=&#8220;#33cb98&#8243;][vc_column_text]<span style=\"color: #33cb98;\"><strong>RIGO (RO)<br \/>\n<\/strong><\/span>mit Schutzfolie, Kern Tiefschwarz<\/p>\n<p>Rigo \u00fcberzeugt durch eine Feinstruktur, die eine sandig aufgeraute Fl\u00e4che vermittelt. Das tiefmatte Finish der Oberfl\u00e4che bleibt dank Anti-Fingerprint-Effekt stets perfekt.[\/vc_column_text][vc_single_image image=&#8220;11789&#8243; alignment=&#8220;center&#8220; onclick=&#8220;link_image&#8220;][\/vc_column][\/vc_row][vc_row][vc_column][vc_separator color=&#8220;custom&#8220; accent_color=&#8220;#33cb98&#8243;][\/vc_column][\/vc_row][vc_row][vc_column width=&#8220;1\/2&#8243;][vc_column_text]<\/p>\n<p style=\"text-align: left;\"><span style=\"color: #33cb98;\"><strong>FEINHAMMERSCHLAG (FH)<br \/>\n<\/strong><span style=\"color: #000000;\">ohne Schutzf<\/span><\/span><span style=\"color: #33cb98;\"><span style=\"color: #000000;\">olie, Kern wei\u00df \/ Kern grau<\/span><br \/>\n<span style=\"color: #000000;\">auch mit Schutzfolie erh\u00e4ltlich<\/span><strong><br \/>\n<\/strong><\/span><\/p>\n<p style=\"text-align: left;\"><span dir=\"ltr\">Der Oberfl\u00e4chen-Klassiker hat sich im Innenausbau seit vielen Jahren bew\u00e4hrt. <\/span><span dir=\"ltr\">Durch die ruhige Struktur der Oberfl\u00e4che entsteht ein harmonischer Gesamt<\/span><span dir=\"ltr\">&#8211;<\/span><span dir=\"ltr\">eindruck, der das jeweilige Dekor perfekt zur Geltung bringt<\/span><\/p>\n<p>[\/vc_column_text][vc_single_image image=&#8220;11788&#8243; alignment=&#8220;center&#8220; onclick=&#8220;link_image&#8220;][\/vc_column][vc_column width=&#8220;1\/2&#8243;][\/vc_column][\/vc_row][vc_row][vc_column][vc_separator color=&#8220;custom&#8220; accent_color=&#8220;#33cb98&#8243;][\/vc_column][\/vc_row][vc_row][vc_column][vc_column_text]<\/p>\n<h4 style=\"text-align: left;\"><span style=\"color: #33cb98;\"><strong>Lagernde Dekore<\/strong><\/span><\/h4>\n<p>[\/vc_column_text][\/vc_column][\/vc_row][vc_row][vc_column width=&#8220;1\/2&#8243;][vc_column_text]<\/p>\n<p style=\"text-align: center;\"><span style=\"color: #33cb98;\"><strong>0080 Schwarz &#8211; SAXUM (SX)<br \/>\n<\/strong><\/span><\/p>\n<p>[\/vc_column_text][vc_single_image image=&#8220;11777&#8243; img_size=&#8220;medium&#8220; alignment=&#8220;center&#8220; onclick=&#8220;link_image&#8220;][vc_column_text]<strong>Oberfl\u00e4che:<\/strong> Antifingerprint \/ Matt \/ Naturstein-Struktur<br \/>\n<strong>Kern:<\/strong> Tiefschwarz<br \/>\n<strong>Format:<\/strong> JU | 4100 x 1300 mm<br \/>\n<strong>Dicke:<\/strong> 12 mm<\/p>\n<p>Auch halbe Platten (4100 x 650 mm) lieferbar![\/vc_column_text][vc_btn title=&#8220;Shopartikel&#8220; color=&#8220;btn-wallner&#8220; link=&#8220;url:https%3A%2F%2Fwww.holz-wallner.at%2Fde%2Fmax-compact-interior-0080-ip-arbeitsplatte-saxum-sx-schwarz-kernfarbe-schwarz-CI120080IN|target:_blank&#8220;][\/vc_column][vc_column width=&#8220;1\/2&#8243;][vc_column_text]<\/p>\n<p style=\"text-align: center;\"><span style=\"color: #33cb98;\"><strong>0027 Prado Achatgrau &#8211; ENDURO (NN)<br \/>\n<\/strong><\/span><\/p>\n<p>[\/vc_column_text][vc_single_image image=&#8220;11778&#8243; img_size=&#8220;medium&#8220; alignment=&#8220;center&#8220; onclick=&#8220;link_image&#8220;][vc_column_text]<strong>Oberfl\u00e4che:<\/strong> Antifingerprint \/ Matt \/ Naturstein-Struktur<br \/>\n<strong>Kern:<\/strong> Tiefschwarz<br \/>\n<strong>Format:<\/strong> JU | 4100 x 1300 mm<br \/>\n<strong>Dicke:<\/strong> 12 mm[\/vc_column_text][vc_btn title=&#8220;Shopartikel&#8220; color=&#8220;btn-wallner&#8220; link=&#8220;url:https%3A%2F%2Fwww.holz-wallner.at%2Fde%2Fmax-compact-apl-0027-nw-nn-arbeitsplatte-enduro-nn-prado-achatgrau-kernfarbe-schwarz-CI120027EX|target:_blank&#8220;][\/vc_column][\/vc_row][vc_row][vc_column][vc_separator color=&#8220;custom&#8220; accent_color=&#8220;#33cb98&#8243;][\/vc_column][\/vc_row][vc_row][vc_column][vc_column_text]N\u00e4here Infos zu Arbeitsplatten von FunderMax finden Sie hier![\/vc_column_text][vc_btn title=&#8220;FunderMax APL&#8220; color=&#8220;btn-wallner&#8220; link=&#8220;url:https%3A%2F%2Fwww.fundermax.at%2Finterior%2Farbeitsplatte.html|target:_blank&#8220;][\/vc_column][\/vc_row]<\/p>\n<\/div>","protected":false},"excerpt":{"rendered":"<p>[vc_row][vc_column][vc_column_text] FunderMax Arbeitsplatte [\/vc_column_text][\/vc_column][\/vc_row][vc_row][vc_column][vc_column_text]Die perfekte Verbindung aus Design und Funktionalit\u00e4t in der K\u00fcche.<\/p>\n","protected":false},"author":1,"featured_media":11804,"parent":0,"menu_order":0,"comment_status":"closed","ping_status":"closed","template":"","meta":[],"categories":[9],"tags":[],"acf":[],"_links":{"self":[{"href":"https:\/\/www.holz-wallner.at\/inhalte\/wp-json\/wp\/v2\/pages\/11774"}],"collection":[{"href":"https:\/\/www.holz-wallner.at\/inhalte\/wp-json\/wp\/v2\/pages"}],"about":[{"href":"https:\/\/www.holz-wallner.at\/inhalte\/wp-json\/wp\/v2\/types\/page"}],"author":[{"embeddable":true,"href":"https:\/\/www.holz-wallner.at\/inhalte\/wp-json\/wp\/v2\/users\/1"}],"replies":[{"embeddable":true,"href":"https:\/\/www.holz-wallner.at\/inhalte\/wp-json\/wp\/v2\/comments?post=11774"}],"version-history":[{"count":24,"href":"https:\/\/www.holz-wallner.at\/inhalte\/wp-json\/wp\/v2\/pages\/11774\/revisions"}],"predecessor-version":[{"id":11826,"href":"https:\/\/www.holz-wallner.at\/inhalte\/wp-json\/wp\/v2\/pages\/11774\/revisions\/11826"}],"wp:featuredmedia":[{"embeddable":true,"href":"https:\/\/www.holz-wallner.at\/inhalte\/wp-json\/wp\/v2\/media\/11804"}],"wp:attachment":[{"href":"https:\/\/www.holz-wallner.at\/inhalte\/wp-json\/wp\/v2\/media?parent=11774"}],"wp:term":[{"taxonomy":"category","embeddable":true,"href":"https:\/\/www.holz-wallner.at\/inhalte\/wp-json\/wp\/v2\/categories?post=11774"},{"taxonomy":"post_tag","embeddable":true,"href":"https:\/\/www.holz-wallner.at\/inhalte\/wp-json\/wp\/v2\/tags?post=11774"}],"curies":[{"name":"wp","href":"https:\/\/api.w.org\/{rel}","templated":true}]}}