{"id":12030,"date":"2022-06-22T14:52:02","date_gmt":"2022-06-22T12:52:02","guid":{"rendered":"https:\/\/www.holz-wallner.at\/inhalte\/?page_id=12030"},"modified":"2022-07-08T12:27:23","modified_gmt":"2022-07-08T10:27:23","slug":"newsletter","status":"publish","type":"page","link":"https:\/\/www.holz-wallner.at\/inhalte\/newsletter\/","title":{"rendered":"Newsletter"},"content":{"rendered":"<div class=\"wpb-content-wrapper\"><p>[vc_row][vc_column][vc_column_text]<\/p>\n<h1>Newsletter Anmeldung<\/h1>\n<p>[\/vc_column_text][\/vc_column][\/vc_row][vc_row][vc_column][vc_column_text]<\/p>\n<div class=\"ep-form\">\n<form style=\"margin: 0;\" action=\"https:\/\/holz-wallner.eyepinnews.com\/include\/subscribe.php\" method=\"post\"><input name=\"ID\" type=\"hidden\" value=\"1010868\" \/><\/p>\n<div class=\"ep-form-row\">\n<div class=\"ep-form-col-full\"><label for=\"formitem-482029\">* E-Mail<\/label><br \/>\n<input id=\"formitem-482029\" style=\"width: 100%;\" name=\"Email\" type=\"text\" value=\"\" \/><\/div>\n<\/div>\n<div class=\"ep-form-row\">\n<div class=\"ep-form-col-full\"><label for=\"formitem-482076\">Firma<\/label><br \/>\n<input id=\"formitem-482076\" style=\"width: 100%;\" name=\"Firma\" type=\"text\" value=\"\" \/><\/div>\n<\/div>\n<div class=\"ep-form-row\">\n<div class=\"ep-form-col-full\"><label for=\"formitem-482031\">Vorname<\/label><br \/>\n<input id=\"formitem-482031\" style=\"width: 100%;\" name=\"Vorname\" type=\"text\" value=\"\" \/><\/div>\n<\/div>\n<div class=\"ep-form-row\">\n<div class=\"ep-form-col-full\"><label for=\"formitem-482032\">*\u00a0Nachname<\/label><br \/>\n<input id=\"formitem-482032\" style=\"width: 100%;\" name=\"Nachname\" type=\"text\" value=\"\" \/><\/div>\n<\/div>\n<p><input name=\"SubmitOptIn\" type=\"submit\" value=\"Abschicken\" \/><\/p>\n<\/form>\n<\/div>\n<style type=\"text\/css\">\n.ep-form-row { margin-left:-15px; margin-right:-15px; margin-bottom:15px; box-sizing:border-box; }<br \/>.ep-form-row:before, .ep-form-row:after, .ep-clearfix:before, .ep-clearfix:after { display:table; content:\" \"; }<br \/>.ep-form-row:after, .clearfix:after { clear:both; }<br \/>.ep-form-col-1, .ep-form-col-2, .ep-form-col-full { position:relative; min-height:1px; padding-left:15px; padding-right:15px; box-sizing:border-box; }<br \/>.ep-form fieldset { margin:0; padding:0; border:0; }<br \/>.ep-radio-checkbox-offset { margin-left:24px; }<br \/>@media (min-width: 768px) {<br \/>    .ep-form-col-1, .ep-form-col-2, .ep-form-col-full { float:left; }<br \/>    .ep-form-col-1 { width:25%; }<br \/>    .ep-form-col-2 { width:75%; }<br \/>    .ep-form-col-full { width:100%; }<br \/>}<br \/><\/style>\n<p>[\/vc_column_text][\/vc_column][\/vc_row][vc_row][vc_column][vc_column_text]Ich stimme zu, dass die personenbezogenen Daten, die in diesem Formular von mir eingetragen werden, zum Zwecke der Zusendung des Holz Wallner Newsletter verwendet und verarbeitet werden. Diese Einwilligung erfolgt freiwillig und kann von mir jederzeit widerrufen werden. Durch meinen Widerruf wird die Rechtm\u00e4\u00dfigkeit der aufgrund dieser Einwilligung bis zum Widerruf erfolgten Verarbeitung nicht ber\u00fchrt. Die Datenschutzerkl\u00e4rung der Wallner Holzhandel GmbH finden Sie <a href=\"https:\/\/www.holz-wallner.at\/de\/datenschutz\" target=\"_blank\" rel=\"noopener\">hier.<\/a>[\/vc_column_text][\/vc_column][\/vc_row]<\/p>\n<\/div>","protected":false},"excerpt":{"rendered":"<p>[vc_row][vc_column][vc_column_text] Newsletter Anmeldung [\/vc_column_text][\/vc_column][\/vc_row][vc_row][vc_column][vc_column_text] * E-Mail Firma Vorname *\u00a0Nachname [\/vc_column_text][\/vc_column][\/vc_row][vc_row][vc_column][vc_column_text]Ich stimme zu, dass die personenbezogenen Daten, die in diesem Formular von mir eingetragen werden, zum Zwecke der Zusendung des Holz Wallner Newsletter verwendet und verarbeitet werden. Diese Einwilligung erfolgt freiwillig und kann von mir jederzeit widerrufen werden. Durch meinen Widerruf wird die Rechtm\u00e4\u00dfigkeit der aufgrund &#8230;<\/p>\n<p class=\"link-more\"><a href=\"https:\/\/www.holz-wallner.at\/inhalte\/newsletter\/\" class=\"more-link\">  <span class=\"screen-reader-text\"><\/span><\/a><\/p>\n","protected":false},"author":1,"featured_media":0,"parent":0,"menu_order":0,"comment_status":"closed","ping_status":"closed","template":"","meta":[],"categories":[],"tags":[],"acf":[],"_links":{"self":[{"href":"https:\/\/www.holz-wallner.at\/inhalte\/wp-json\/wp\/v2\/pages\/12030"}],"collection":[{"href":"https:\/\/www.holz-wallner.at\/inhalte\/wp-json\/wp\/v2\/pages"}],"about":[{"href":"https:\/\/www.holz-wallner.at\/inhalte\/wp-json\/wp\/v2\/types\/page"}],"author":[{"embeddable":true,"href":"https:\/\/www.holz-wallner.at\/inhalte\/wp-json\/wp\/v2\/users\/1"}],"replies":[{"embeddable":true,"href":"https:\/\/www.holz-wallner.at\/inhalte\/wp-json\/wp\/v2\/comments?post=12030"}],"version-history":[{"count":8,"href":"https:\/\/www.holz-wallner.at\/inhalte\/wp-json\/wp\/v2\/pages\/12030\/revisions"}],"predecessor-version":[{"id":12040,"href":"https:\/\/www.holz-wallner.at\/inhalte\/wp-json\/wp\/v2\/pages\/12030\/revisions\/12040"}],"wp:attachment":[{"href":"https:\/\/www.holz-wallner.at\/inhalte\/wp-json\/wp\/v2\/media?parent=12030"}],"wp:term":[{"taxonomy":"category","embeddable":true,"href":"https:\/\/www.holz-wallner.at\/inhalte\/wp-json\/wp\/v2\/categories?post=12030"},{"taxonomy":"post_tag","embeddable":true,"href":"https:\/\/www.holz-wallner.at\/inhalte\/wp-json\/wp\/v2\/tags?post=12030"}],"curies":[{"name":"wp","href":"https:\/\/api.w.org\/{rel}","templated":true}]}}