{"id":13428,"date":"2025-04-17T16:41:28","date_gmt":"2025-04-17T14:41:28","guid":{"rendered":"https:\/\/www.holz-wallner.at\/inhalte\/?page_id=13428"},"modified":"2025-04-17T16:41:21","modified_gmt":"2025-04-17T14:41:21","slug":"valchromat-white-pearl","status":"publish","type":"page","link":"https:\/\/www.holz-wallner.at\/inhalte\/valchromat-white-pearl\/","title":{"rendered":"White Pearl by Valchromat"},"content":{"rendered":"<div class=\"wpb-content-wrapper\"><p>[vc_row][vc_column][vc_column_text css=&#8220;&#8220;]<\/p>\n<h1>White Pearl by Valchromat<\/h1>\n<p>[\/vc_column_text][vc_column_text css=&#8220;&#8220;]Die neue Farbe, die das Innen- und Produktdesign revolutioniert<!--more-->[\/vc_column_text][\/vc_column][\/vc_row][vc_row][vc_column width=&#8220;1\/2&#8243;][vc_column_text css=&#8220;&#8220;]Architekten und Innenarchitekten sind st\u00e4ndig auf der Suche nach innovativen Materialien, die \u00c4sthetik, Funktionalit\u00e4t und Haltbarkeit in Einklang bringen. Mit der Einf\u00fchrung von White Pearl bietet Valchromat eine revolution\u00e4re L\u00f6sung, die die Art und Weise, wie wir Wei\u00df in der Innenarchitektur und im Produktdesign sehen und verwenden, ver\u00e4ndern wird.[\/vc_column_text][vc_column_text css=&#8220;&#8220;]<span style=\"color: #33cb98;\"><strong>Eine kr\u00e4ftige Farbe, die dem Gew\u00f6hnlichen trotzt<\/strong><\/span>[\/vc_column_text][vc_column_text css=&#8220;&#8220;]White Pearl, das Ergebnis von sieben Jahren Forschung und Entwicklung, ist die erste feuchtigkeitsbest\u00e4ndige MDF (MDF.HLS) in heller Farbe auf dem Markt. Diese Innovation erweitert nicht nur die Gestaltungsm\u00f6glichkeiten, sondern definiert auch neu, was es bedeutet, mit nachhaltigen und leistungsstarken Materialien zu arbeiten. Der neue Farbton ist nicht einfach nur ein neutrales Wei\u00df, sondern eine vibrierende, leuchtende Farbe, die jede Umgebung verwandelt.[\/vc_column_text][vc_single_image image=&#8220;13438&#8243; img_size=&#8220;medium&#8220; css=&#8220;&#8220;][vc_column_text css=&#8220;&#8220;]White Pearl wird sowohl wegen seines visuellen Effekts als auch wegen der Technik, die hinter seiner Herstellung steht, als \u201egl\u00e4nzend\u201c bezeichnet und bietet eine einzigartige Vielseitigkeit. Sie ist im wahrsten Sinne des Wortes eine leere Leinwand, die Profis unendlich viele Gestaltungsm\u00f6glichkeiten bietet. Als Teil der 12-Farben-Palette von Valchromat f\u00fcgt sich White Pearl harmonisch in andere Farbt\u00f6ne ein und schafft so elegante und inspirierende Kompositionen \u2013 von gewagten Kontrasten bis hin zu weichen, minimalistischen Kombinationen.[\/vc_column_text][vc_column_text css=&#8220;&#8220;]<span style=\"color: #33cb98;\"><strong>Die Grenzen der Innovation erweitern<\/strong><\/span>[\/vc_column_text][vc_column_text css=&#8220;&#8220;]Diese Einf\u00fchrung ist nicht nur eine neue Farbe, sie ist eine Innovation. Seit sieben Jahren arbeitet Valchromat unerm\u00fcdlich an der Entwicklung eines Materials, das \u00e4sthetisch raffiniert und technisch robust ist. White Pearl symbolisiert die F\u00e4higkeit der Marke, die Grenzen der Innovation zu erweitern, indem sie Architekten und Designern ein Werkzeug an die Hand gibt, das Haltbarkeit und makelloses Design vereint.[\/vc_column_text][vc_single_image image=&#8220;13439&#8243; img_size=&#8220;medium&#8220; css=&#8220;&#8220;][vc_column_text css=&#8220;&#8220;]Die einzigartigen Eigenschaften dieses Materials werden nicht nur durch seine helle Farbe unterstrichen, sondern auch durch seine Feuchtigkeitsbest\u00e4ndigkeit, die es ideal f\u00fcr eine Vielzahl von Anwendungen macht, von M\u00f6beln bis hin zu Innenverkleidungen. Dieses technische Leistungsniveau in Verbindung mit einer anspruchsvollen \u00c4sthetik erm\u00f6glicht es Fachleuten, R\u00e4ume zu schaffen, die sowohl funktional als auch optisch ansprechend sind.[\/vc_column_text][\/vc_column][vc_column width=&#8220;1\/2&#8243;][vc_column_text css=&#8220;&#8220;]<span style=\"color: #33cb98;\"><strong>Ein Spektrum an M\u00f6glichkeiten<\/strong><\/span>[\/vc_column_text][vc_column_text css=&#8220;&#8220;]Der beeindruckendste Aspekt von Perlwei\u00df ist die Bandbreite an kreativen M\u00f6glichkeiten, die es bietet. Die Farbe dient als Ausgangspunkt f\u00fcr einzigartige Designs, ob in Kombination mit anderen Materialien oder als Protagonist minimalistischer Dekorationen. Perlwei\u00df geht \u00fcber das hinaus, was das Auge sehen kann, transzendiert die Materialit\u00e4t und enth\u00fcllt die Essenz von Raffinesse und innovativem Design.[\/vc_column_text][vc_single_image image=&#8220;13436&#8243; img_size=&#8220;medium&#8220; css=&#8220;&#8220;][vc_column_text css=&#8220;&#8220;]Dramatische Kontraste von Licht und Schatten sind eine der Eigenschaften, die sich Architekten und Designer zunutze machen k\u00f6nnen, wenn sie White Pearl verwenden. Der helle Farbton interagiert auf einzigartige Weise mit der Beleuchtung und schafft so Umgebungen voller Tiefe und Textur. Die Vielseitigkeit dieser Farbe erm\u00f6glicht es ihr, sowohl in zeitgen\u00f6ssischen Umgebungen hervorzustechen als auch als Hintergrund f\u00fcr gewagtere Projekte zu dienen.[\/vc_column_text][vc_single_image image=&#8220;13437&#8243; img_size=&#8220;medium&#8220; css=&#8220;&#8220;][vc_column_text css=&#8220;&#8220;]Dar\u00fcber hinaus f\u00fcgt sich White Pearl aufgrund seiner leichten und neutralen Natur perfekt in nat\u00fcrliche Elemente wie Holz, Stein und Glas ein und schafft so harmonische Kompositionen, die Innovation und Nachhaltigkeit widerspiegeln. Dieses Material ist daher eine offensichtliche Wahl f\u00fcr Projekte, die Wert auf Umweltverantwortung und bewusstes Design legen.[\/vc_column_text][vc_column_text css=&#8220;&#8220;]<span style=\"color: #33cb98;\"><strong>Das Wei\u00df, das das Design revolutioniert<\/strong><\/span>[\/vc_column_text][vc_column_text css=&#8220;&#8220;]White Pearl von Valchromat ist nicht nur eine neue Farbe auf dem Markt: Es ist eine Revolution. Durch die Kombination aus jahrelanger Forschung, technologischer Innovation und einer unverwechselbaren \u00e4sthetischen Vision bietet dieser Farbton Fachleuten aus Architektur und Design eine kreative und vielseitige L\u00f6sung, die sowohl den Anforderungen an Funktionalit\u00e4t als auch an Sch\u00f6nheit gerecht wird. Ob es nun darum geht, ger\u00e4umige, helle Umgebungen oder k\u00fchne, anspruchsvolle Designerst\u00fccke zu schaffen, White Pearl ist das Material, das das Wei\u00df bietet, das das Unm\u00f6gliche herausfordert.[\/vc_column_text][\/vc_column][\/vc_row][vc_row][vc_column][vc_separator color=&#8220;custom&#8220; css=&#8220;&#8220; accent_color=&#8220;#33cb98&#8243;][vc_column_text css=&#8220;&#8220;]Sie m\u00f6chten mehr \u00fcber Valchromat od. Valchromat White Pearl erfahren? Kontaktieren Sie unsere Mitarbeiter im Vertrieb und fordern Sie ein Muster an oder vereinbaren Sie einen Beratungstermin mit unseren Mitarbeitern im Au\u00dfendienst.[\/vc_column_text][vc_separator color=&#8220;custom&#8220; css=&#8220;&#8220; accent_color=&#8220;#33cb98&#8243;][vc_column_text css=&#8220;&#8220;]Mehr zu Valchromat:<\/p>\n<p><a href=\"https:\/\/www.holz-wallner.at\/inhalte\/valchromat\/\">Valchromat\u00ae \u2013 Wallner<\/a><\/p>\n<p>Erfahren Sie auch mehr \u00fcber Viroc, einem weiteren Produkt von Investwood:<\/p>\n<p><a href=\"https:\/\/www.holz-wallner.at\/inhalte\/viroc\/\">Viroc\u00ae \u2013 Wallner<\/a><\/p>\n<p>Hier finden Sie unser Sortiment an Valchromat im Shop:<\/p>\n<p><a href=\"https:\/\/www.holz-wallner.at\/de\/platte-dekorativ\/holzfaser-und-mdf-dekorativ\/?FACETTEN=&amp;SUCHE_MARKE=Valchromat&amp;_sp_orderby=relevanz&amp;_sp_anzeigezeilen=24\">Shop Valchromat &#8211; Wallner<\/a>[\/vc_column_text][vc_separator color=&#8220;custom&#8220; css=&#8220;&#8220; accent_color=&#8220;#33cb98&#8243;][vc_column_text css=&#8220;&#8220;]Copyright by Investwood SA:<\/p>\n<p><a href=\"https:\/\/www.investwood.pt\/de\/white-pearl-by-valchromat-die-neue-farbe-die-das-innen-und-produktdesign-revolutioniert\/\" target=\"_blank\" rel=\"noopener\">White Pearl by Valchromat<\/a>[\/vc_column_text][\/vc_column][\/vc_row]<\/p>\n<\/div>","protected":false},"excerpt":{"rendered":"<p>[vc_row][vc_column][vc_column_text css=&#8220;&#8220;] White Pearl by Valchromat [\/vc_column_text][vc_column_text css=&#8220;&#8220;]Die neue Farbe, die das Innen- und Produktdesign revolutioniert<\/p>\n","protected":false},"author":1,"featured_media":13436,"parent":0,"menu_order":0,"comment_status":"closed","ping_status":"closed","template":"","meta":[],"categories":[9],"tags":[],"acf":[],"_links":{"self":[{"href":"https:\/\/www.holz-wallner.at\/inhalte\/wp-json\/wp\/v2\/pages\/13428"}],"collection":[{"href":"https:\/\/www.holz-wallner.at\/inhalte\/wp-json\/wp\/v2\/pages"}],"about":[{"href":"https:\/\/www.holz-wallner.at\/inhalte\/wp-json\/wp\/v2\/types\/page"}],"author":[{"embeddable":true,"href":"https:\/\/www.holz-wallner.at\/inhalte\/wp-json\/wp\/v2\/users\/1"}],"replies":[{"embeddable":true,"href":"https:\/\/www.holz-wallner.at\/inhalte\/wp-json\/wp\/v2\/comments?post=13428"}],"version-history":[{"count":15,"href":"https:\/\/www.holz-wallner.at\/inhalte\/wp-json\/wp\/v2\/pages\/13428\/revisions"}],"predecessor-version":[{"id":13448,"href":"https:\/\/www.holz-wallner.at\/inhalte\/wp-json\/wp\/v2\/pages\/13428\/revisions\/13448"}],"wp:featuredmedia":[{"embeddable":true,"href":"https:\/\/www.holz-wallner.at\/inhalte\/wp-json\/wp\/v2\/media\/13436"}],"wp:attachment":[{"href":"https:\/\/www.holz-wallner.at\/inhalte\/wp-json\/wp\/v2\/media?parent=13428"}],"wp:term":[{"taxonomy":"category","embeddable":true,"href":"https:\/\/www.holz-wallner.at\/inhalte\/wp-json\/wp\/v2\/categories?post=13428"},{"taxonomy":"post_tag","embeddable":true,"href":"https:\/\/www.holz-wallner.at\/inhalte\/wp-json\/wp\/v2\/tags?post=13428"}],"curies":[{"name":"wp","href":"https:\/\/api.w.org\/{rel}","templated":true}]}}