{"id":13614,"date":"2026-04-17T09:58:18","date_gmt":"2026-04-17T07:58:18","guid":{"rendered":"https:\/\/www.holz-wallner.at\/inhalte\/?page_id=13614"},"modified":"2026-04-17T10:15:59","modified_gmt":"2026-04-17T08:15:59","slug":"hq-blaetterkatalog","status":"publish","type":"page","link":"https:\/\/www.holz-wallner.at\/inhalte\/hq-blaetterkatalog\/","title":{"rendered":"HQ Bl\u00e4tterkatalog"},"content":{"rendered":"<div class=\"wpb-content-wrapper\"><p>[vc_row][vc_column][vc_column_text css=&#8220;&#8220;]Hier finden Sie den neuen Bl\u00e4tterkatalog f\u00fcr T\u00fcren unserer hochwertigen Eigenmarke HQ.<!--more--><\/p>\n<p>Entdecken Sie den aktuellen HQ\u2011T\u00fcren Katalog mit hochwertigen Innent\u00fcren, T\u00fcrgriffen und Beschl\u00e4gen unserer Eigenmarke. Der digitale Bl\u00e4tterkatalog bietet einen umfassenden \u00dcberblick \u00fcber Designs, Oberfl\u00e4chen und technische Details f\u00fcr moderne Wohn- und Objektl\u00f6sungen.[\/vc_column_text][vc_separator color=&#8220;vista_blue&#8220; css=&#8220;&#8220;][vc_raw_html css=&#8220;&#8220;]JTNDZGl2JTIwc3R5bGUlM0QlMjJ3aWR0aCUzQTExNTBweCUzQiUyMG1hcmdpbiUzQTAlMjBhdXRvJTNCJTIyJTNFJTBBJTIwJTIwJTNDaWZyYW1lJTBBJTIwJTIwJTIwJTIwc3JjJTNEJTIyaHR0cHMlM0ElMkYlMkZ3d3cuaHEtaG9tZS5kZSUyRmJsYWV0dGVya2F0YWxvZyUyRiUzRmNhdGFsb2clM0RIUV9UdWVyX0FUJTIyJTBBJTIwJTIwJTIwJTIwd2lkdGglM0QlMjIxMTUwcHglMjIlMEElMjAlMjAlMjAlMjBoZWlnaHQlM0QlMjI4MDBweCUyMiUwQSUyMCUyMCUyMCUyMHN0eWxlJTNEJTIyYm9yZGVyJTNBMCUzQiUyMiUwQSUyMCUyMCUyMCUyMGxvYWRpbmclM0QlMjJsYXp5JTIyJTBBJTIwJTIwJTIwJTIwYWxsb3dmdWxsc2NyZWVuJTNFJTBBJTIwJTIwJTNDJTJGaWZyYW1lJTNFJTBBJTNDJTJGZGl2JTNF[\/vc_raw_html][\/vc_column][\/vc_row]<\/p>\n<\/div>","protected":false},"excerpt":{"rendered":"<p>[vc_row][vc_column][vc_column_text css=&#8220;&#8220;]Hier finden Sie den neuen Bl\u00e4tterkatalog f\u00fcr T\u00fcren unserer hochwertigen Eigenmarke HQ.<\/p>\n","protected":false},"author":1,"featured_media":13619,"parent":0,"menu_order":0,"comment_status":"closed","ping_status":"closed","template":"","meta":[],"categories":[9],"tags":[],"acf":[],"_links":{"self":[{"href":"https:\/\/www.holz-wallner.at\/inhalte\/wp-json\/wp\/v2\/pages\/13614"}],"collection":[{"href":"https:\/\/www.holz-wallner.at\/inhalte\/wp-json\/wp\/v2\/pages"}],"about":[{"href":"https:\/\/www.holz-wallner.at\/inhalte\/wp-json\/wp\/v2\/types\/page"}],"author":[{"embeddable":true,"href":"https:\/\/www.holz-wallner.at\/inhalte\/wp-json\/wp\/v2\/users\/1"}],"replies":[{"embeddable":true,"href":"https:\/\/www.holz-wallner.at\/inhalte\/wp-json\/wp\/v2\/comments?post=13614"}],"version-history":[{"count":10,"href":"https:\/\/www.holz-wallner.at\/inhalte\/wp-json\/wp\/v2\/pages\/13614\/revisions"}],"predecessor-version":[{"id":13625,"href":"https:\/\/www.holz-wallner.at\/inhalte\/wp-json\/wp\/v2\/pages\/13614\/revisions\/13625"}],"wp:featuredmedia":[{"embeddable":true,"href":"https:\/\/www.holz-wallner.at\/inhalte\/wp-json\/wp\/v2\/media\/13619"}],"wp:attachment":[{"href":"https:\/\/www.holz-wallner.at\/inhalte\/wp-json\/wp\/v2\/media?parent=13614"}],"wp:term":[{"taxonomy":"category","embeddable":true,"href":"https:\/\/www.holz-wallner.at\/inhalte\/wp-json\/wp\/v2\/categories?post=13614"},{"taxonomy":"post_tag","embeddable":true,"href":"https:\/\/www.holz-wallner.at\/inhalte\/wp-json\/wp\/v2\/tags?post=13614"}],"curies":[{"name":"wp","href":"https:\/\/api.w.org\/{rel}","templated":true}]}}